{"id":80,"date":"2025-04-25T13:10:03","date_gmt":"2025-04-25T12:10:03","guid":{"rendered":"https:\/\/denisekreativewelt.de\/?page_id=80"},"modified":"2025-10-16T09:33:19","modified_gmt":"2025-10-16T08:33:19","slug":"portfolio","status":"publish","type":"page","link":"https:\/\/denisekreativewelt.de\/?page_id=80","title":{"rendered":"Portfolio"},"content":{"rendered":"\n<p><strong>Was ich in meinem Shop anbiete:<\/strong><\/p>\n\n\n\n<p>Hier eine kleine Auswahl was ich f\u00fcr euch herstellen kann. <\/p>\n\n\n\n<p>Dies ist KEINE vollst\u00e4ndige Liste \ud83d\ude09<\/p>\n\n\n\n<ul class=\"wp-block-list\">\n<li>Personalisierte T-Shirts, Pullis, Jogginghosen u.v.m.<\/li>\n\n\n\n<li>Personalisierte Schl\u00fcsselanh\u00e4nger in Filz, Kunststoff oder Metal\/Alu&nbsp;<\/li>\n\n\n\n<li>Personalisierte Hundemarken<\/li>\n\n\n\n<li>Personalisierte Kissenh\u00fcllen<\/li>\n\n\n\n<li>Personalisierte Aufkleber f\u00fcr Vorratsdosen, Fr\u00fchst\u00fccksboxen und Co.&nbsp;<\/li>\n\n\n\n<li>Aufkleber f\u00fcr jegliche Dekogl\u00e4ser&nbsp;<\/li>\n\n\n\n<li>Sticker (1 Bogen A4) Z.B f\u00fcr Weihnachten oder Geburtstag&nbsp;<\/li>\n\n\n\n<li>Personalisierte Holzartikel (Pappel)<\/li>\n\n\n\n<li>Cashstuffing Einleger, Aufkleber und Co.<\/li>\n\n\n\n<li>Personalisierte Untersetzer<\/li>\n\n\n\n<li>Personalisierte Geschirrhandt\u00fccher&nbsp;<\/li>\n\n\n\n<li>Geburtstagtagskarten, Einladungskarten, Karten f\u00fcr jeden Anlass<\/li>\n\n\n\n<li>Lesezeichen<\/li>\n\n\n\n<li>NEU! Geburtsdaten Bilder <\/li>\n<\/ul>\n\n\n\n<p>Nicht das dabei was du suchst?  <em>Kein Problem<\/em> \ud83d\ude09 schreib mich an und wir schauen was machbar ist.<\/p>\n\n\n\n<p>Alle Artikel die ich kreieren soll, werden erst dann bestellt (z.B. T-Shirt, Holz, Handt\u00fccher und so) wenn ich deine Bestellung fix habe und wir \u00fcber alle Details gesprochen haben.&nbsp;<\/p>\n\n\n\n<p>Jedes Design erstelle ich pers\u00f6nlich f\u00fcr dich, gebe jedoch keine Garantie darauf das ich es nicht nochmal verwende \ud83d\ude09<\/p>\n","protected":false},"excerpt":{"rendered":"<p>Was ich in meinem Shop anbiete: Hier eine kleine Auswahl was ich f\u00fcr euch herstellen kann. Dies ist KEINE vollst\u00e4ndige Liste \ud83d\ude09 Nicht das dabei was du suchst? Kein Problem \ud83d\ude09 schreib mich an und wir schauen was machbar ist. Alle Artikel die ich kreieren soll, werden erst dann bestellt (z.B. T-Shirt, Holz, Handt\u00fccher und [&hellip;]<\/p>\n","protected":false},"author":1,"featured_media":0,"parent":0,"menu_order":0,"comment_status":"closed","ping_status":"closed","template":"","meta":{"footnotes":""},"class_list":["post-80","page","type-page","status-publish","hentry"],"_links":{"self":[{"href":"https:\/\/denisekreativewelt.de\/index.php?rest_route=\/wp\/v2\/pages\/80","targetHints":{"allow":["GET"]}}],"collection":[{"href":"https:\/\/denisekreativewelt.de\/index.php?rest_route=\/wp\/v2\/pages"}],"about":[{"href":"https:\/\/denisekreativewelt.de\/index.php?rest_route=\/wp\/v2\/types\/page"}],"author":[{"embeddable":true,"href":"https:\/\/denisekreativewelt.de\/index.php?rest_route=\/wp\/v2\/users\/1"}],"replies":[{"embeddable":true,"href":"https:\/\/denisekreativewelt.de\/index.php?rest_route=%2Fwp%2Fv2%2Fcomments&post=80"}],"version-history":[{"count":2,"href":"https:\/\/denisekreativewelt.de\/index.php?rest_route=\/wp\/v2\/pages\/80\/revisions"}],"predecessor-version":[{"id":214,"href":"https:\/\/denisekreativewelt.de\/index.php?rest_route=\/wp\/v2\/pages\/80\/revisions\/214"}],"wp:attachment":[{"href":"https:\/\/denisekreativewelt.de\/index.php?rest_route=%2Fwp%2Fv2%2Fmedia&parent=80"}],"curies":[{"name":"wp","href":"https:\/\/api.w.org\/{rel}","templated":true}]}}