{"id":35,"date":"2025-04-15T19:48:05","date_gmt":"2025-04-15T18:48:05","guid":{"rendered":"https:\/\/denisekreativewelt.de\/?page_id=35"},"modified":"2026-01-17T09:57:29","modified_gmt":"2026-01-17T08:57:29","slug":"rueckerstattung_rueckgaben","status":"publish","type":"page","link":"https:\/\/denisekreativewelt.de\/?page_id=35","title":{"rendered":"AGB\u00b4s"},"content":{"rendered":"\n<p><strong>Allgemeine Gesch\u00e4ftsbedingungen (AGB)<\/strong><\/p>\n\n\n\n<p><strong>\u00a7 1 Geltungsbereich<\/strong><\/p>\n\n\n\n<p>Diese Allgemeinen Gesch\u00e4ftsbedingungen (AGB) gelten f\u00fcr alle Vertr\u00e4ge, die zwischen &#8222;DeniseKreativeWelt&#8220; (Einzelunternehmen, Kleingewerbe) und dem K\u00e4ufer \u00fcber die Website www.denisekreativewelt.de und per Mail abgeschlossen werden.<\/p>\n\n\n\n<p><strong>\u00a7 2 Vertragsabschluss<\/strong><\/p>\n\n\n\n<p>(1) Die Darstellung der Produkte auf der Website stellt kein rechtlich bindendes Angebot, sondern eine Aufforderung zur Bestellung dar. (2) Durch das Absenden der Bestellung gibt der K\u00e4ufer ein verbindliches Angebot zum Abschluss eines Kaufvertrages ab. (3) Der Kaufvertrag kommt zustande, wenn &#8222;DeniseKreativeWelt&#8220; die Bestellung des K\u00e4ufers durch eine Bestellbest\u00e4tigung per E-Mail annimmt.<\/p>\n\n\n\n<p><strong>\u00a7 3 Preise und Zahlungsbedingungen<\/strong><\/p>\n\n\n\n<p>(1) Die Preise sind individuell und werden vor Abschluss der Bestellung mit dem K\u00e4ufer vereinbart. (2) Die Zahlung erfolgt per \u00dcberweisung. (3) Der Kaufpreis ist unmittelbar nach Vertragsabschluss f\u00e4llig.<\/p>\n\n\n\n<p><strong>\u00a7 4 Lieferung und Versandkosten<\/strong><\/p>\n\n\n\n<p>(1) Die Lieferung erfolgt an die vom K\u00e4ufer angegebene Adresse oder die Ware wird pers\u00f6nlich abgeholt. (2) Die Lieferkosten tr\u00e4gt der K\u00e4ufer und werden vor Abschluss der Bestellung angezeigt. (3) Die Lieferzeit h\u00e4ngt vom jeweiligen Artikel ab und wird dem K\u00e4ufer vor Abschluss der Bestellung mitgeteilt.<\/p>\n\n\n\n<p><strong>\u00a7 5 Individuelle Designs und Bestellungen<\/strong><\/p>\n\n\n\n<p>(1) Durch die Beauftragung eines individuellen Designs verpflichtet sich der K\u00e4ufer unwiderruflich, das fertige Produkt zu erwerben und den vereinbarten Preis zu zahlen, da f\u00fcr die Herstellung des Produkts spezifische Materialien bestellt werden. (2) Eine R\u00fcckgabe oder ein Widerruf des Kaufs ist nach Best\u00e4tigung der Bestellung und Beauftragung des individuellen Designs ausgeschlossen.<\/p>\n\n\n\n<p><strong>\u00a7 6 Widerrufsrecht<\/strong><\/p>\n\n\n\n<p>(1) Ein Widerrufsrecht besteht nur bei besch\u00e4digten Artikeln, da alle Produkte personalisiert sind. (2) Um das Widerrufsrecht auszu\u00fcben, muss der K\u00e4ufer &#8222;DeniseKreativeWelt&#8220; mittels einer eindeutigen Erkl\u00e4rung (z.B. per E-Mail) \u00fcber seinen Entschluss informieren. <\/p>\n\n\n\n<p><strong>\u00a7 7 Gew\u00e4hrleistung und Garantie<\/strong><\/p>\n\n\n\n<p>(1) Es gelten die gesetzlichen Gew\u00e4hrleistungsrechte, jedoch nur bedingt. (2) Bei Textilien besteht eine Gew\u00e4hrleistung nur, wenn die Pflegehinweise zum Waschen beachtet werden. (3) F\u00fcr alle anderen Produkte besteht keine Gew\u00e4hrleistung.<\/p>\n\n\n\n<p><strong>\u00a7 8 Haftungsausschluss<\/strong><\/p>\n\n\n\n<p>(1) &#8222;DeniseKreativeWelt&#8220; \u00fcbernimmt keinerlei Haftung f\u00fcr Sch\u00e4den, die durch die Verwendung der Produkte entstehen. (2) Eine Haftung f\u00fcr leichte Fahrl\u00e4ssigkeit ist ausgeschlossen, au\u00dfer bei Verletzung wesentlicher Vertragspflichten.<\/p>\n\n\n\n<p><strong>\u00a7 9 Datenschutz<\/strong><\/p>\n\n\n\n<p>Siehe Datenschutzerkl\u00e4rung<\/p>\n\n\n\n<p><strong>\u00a7 10 Gerichtsstand und anwendbares Recht<\/strong><\/p>\n\n\n\n<p>(1) Es gilt das Recht der Bundesrepublik Deutschland. (2) Gerichtsstand f\u00fcr alle Streitigkeiten aus dem Vertragsverh\u00e4ltnis ist der Sitz von &#8222;DeniseKreativeWelt&#8220;.<\/p>\n\n\n\n<p><strong>Richtlinien f\u00fcr R\u00fcckerstattungen und R\u00fcckgaben<\/strong><\/p>\n\n\n\n<p class=\"is-style-default\">Vielen&nbsp;Dank,&nbsp;dass&nbsp;Sie&nbsp;bei&nbsp;uns&nbsp;eingekauft&nbsp;haben!&nbsp;Wir&nbsp;m\u00f6chten&nbsp;sicherstellen, dass&nbsp;Sie&nbsp;mit&nbsp;Ihrem&nbsp;Kauf&nbsp;zufrieden&nbsp;sind.<br>Sollte&nbsp;es jedoch&nbsp;notwendig&nbsp;sein,&nbsp;eine&nbsp;R\u00fcckgabe&nbsp;oder R\u00fcckerstattung&nbsp;vorzunehmen,&nbsp;finden&nbsp;Sie&nbsp;hier&nbsp;unsere&nbsp;Richtlinien:<\/p>\n\n\n\n<p class=\"has-text-align-left is-style-default\">1.&nbsp;R\u00fcckgabefrist<br>Sie&nbsp;haben&nbsp;das&nbsp;Recht,&nbsp;Ihre&nbsp;Bestellung&nbsp;innerhalb&nbsp;von&nbsp;5&nbsp;Tagen&nbsp;nach<br>Erhalt&nbsp;der&nbsp;Ware&nbsp;mit&nbsp;Angabe&nbsp;von&nbsp;Gr\u00fcnden zur\u00fcckzugeben.<\/p>\n\n\n\n<p class=\"is-style-default\">2.&nbsp;R\u00fcckgabebedingungen<br>Um&nbsp;f\u00fcr&nbsp;eine&nbsp;R\u00fcckgabe&nbsp;in&nbsp;Frage&nbsp;zu&nbsp;kommen,&nbsp;muss&nbsp;der&nbsp;Artikel:<br>&#8211;&nbsp;Unbenutzt&nbsp;und&nbsp;in&nbsp;demselben&nbsp;Zustand&nbsp;sein,&nbsp;in&nbsp;dem&nbsp;Sie&nbsp;ihn&nbsp;erhalten&nbsp;haben.<br>&#8211;&nbsp;In&nbsp;der&nbsp;Originalverpackung&nbsp;und&nbsp;Zubeh\u00f6rteilen&nbsp;zur\u00fcckgegeben&nbsp;werden.<\/p>\n\n\n\n<p class=\"is-style-default\">3.&nbsp;R\u00fcckgabeprozess<br>Um&nbsp;eine&nbsp;R\u00fcckgabe&nbsp;einzuleiten,&nbsp;kontaktieren&nbsp;Sie&nbsp;bitte&nbsp;unseren&nbsp;Kundenservice&nbsp;unter<br>info@denisekreativewelt.de.Wir&nbsp;werden&nbsp;Ihnen&nbsp;Anweisungen&nbsp;zur&nbsp;R\u00fccksendung&nbsp;des&nbsp;Artikels&nbsp;geben.<\/p>\n\n\n\n<p class=\"has-text-align-left is-style-default\">4.&nbsp;R\u00fcckerstattungen<br>Sobald&nbsp;wir&nbsp;Ihren&nbsp;zur\u00fcckgegebenen&nbsp;Artikel&nbsp;erhalten&nbsp;und&nbsp;gepr\u00fcft&nbsp;haben,&nbsp;werden&nbsp;wir&nbsp;Ihnen&nbsp;eine&nbsp;E-Mail&nbsp;senden,&nbsp;um&nbsp;Sie&nbsp;dar\u00fcber zu&nbsp;informieren,&nbsp;dass&nbsp;wir&nbsp;Ihre&nbsp;R\u00fccksendung&nbsp;erhalten&nbsp;haben.&nbsp;Wir&nbsp;werden&nbsp;Ihnen&nbsp;auch&nbsp;mitteilen,&nbsp;ob&nbsp;Ihre&nbsp;R\u00fcckerstattung genehmigt&nbsp;oder&nbsp;abgelehnt&nbsp;wurde.&nbsp;Wenn&nbsp;genehmigt,&nbsp;wird&nbsp;die&nbsp;R\u00fcckerstattung&nbsp;automatisch&nbsp;auf&nbsp;die&nbsp;urspr\u00fcngliche Zahlungsmethode&nbsp;angewendet.&nbsp;Bitte&nbsp;beachten&nbsp;Sie,&nbsp;dass&nbsp;es&nbsp;einige&nbsp;Zeit&nbsp;dauern&nbsp;kann,&nbsp;bis&nbsp;die&nbsp;R\u00fcckerstattung&nbsp;in&nbsp;Ihrem&nbsp;Kontosichtbar&nbsp;ist.<\/p>\n\n\n\n<p class=\"is-style-default\">5.&nbsp;Versandkosten<br>Die&nbsp;Kosten&nbsp;f\u00fcr&nbsp;die&nbsp;R\u00fccksendung&nbsp;der&nbsp;Ware&nbsp;tragen&nbsp;Sie,&nbsp;es&nbsp;sei&nbsp;denn,&nbsp;der&nbsp;Artikel&nbsp;ist&nbsp;defekt&nbsp;oder&nbsp;falsch&nbsp;geliefert.&nbsp;In&nbsp;diesem&nbsp;Fall \u00fcbernehmen&nbsp;wir&nbsp;die&nbsp;R\u00fccksendekosten.<\/p>\n\n\n\n<p class=\"is-style-default\">6.\u00a0Ausnahmen<br>Einige\u00a0Artikel\u00a0sind\u00a0von\u00a0der\u00a0R\u00fcckgabe\u00a0ausgeschlossen,\u00a0darunter:<br>&#8211;\u00a0Personalisierte\u00a0oder\u00a0ma\u00dfgefertigte\u00a0Produkte<br>&#8211;\u00a0Ge\u00f6ffnete\u00a0Hygieneartikeln<\/p>\n\n\n\n<p class=\"is-style-default\">7.&nbsp;Kontakt<br>Bei&nbsp;Fragen&nbsp;zu&nbsp;unserer&nbsp;R\u00fcckgabepolitik&nbsp;oder&nbsp;zur&nbsp;R\u00fcckgabe&nbsp;eines&nbsp;Artikels&nbsp;wenden&nbsp;Sie&nbsp;sich&nbsp;bitte&nbsp;an&nbsp;unseren&nbsp;Kundenservice:<br>&#8211;&nbsp;E-Mail:&nbsp;info@denisekreativewelt.de<br><\/p>\n\n\n\n<p>Wir&nbsp;danken&nbsp;Ihnen&nbsp;f\u00fcr&nbsp;Ihr&nbsp;Verst\u00e4ndnis&nbsp;und&nbsp;Ihre&nbsp;Unterst\u00fctzung!<\/p>\n","protected":false},"excerpt":{"rendered":"<p>Allgemeine Gesch\u00e4ftsbedingungen (AGB) \u00a7 1 Geltungsbereich Diese Allgemeinen Gesch\u00e4ftsbedingungen (AGB) gelten f\u00fcr alle Vertr\u00e4ge, die zwischen &#8222;DeniseKreativeWelt&#8220; (Einzelunternehmen, Kleingewerbe) und dem K\u00e4ufer \u00fcber die Website www.denisekreativewelt.de und per Mail abgeschlossen werden. \u00a7 2 Vertragsabschluss (1) Die Darstellung der Produkte auf der Website stellt kein rechtlich bindendes Angebot, sondern eine Aufforderung zur Bestellung dar. (2) Durch [&hellip;]<\/p>\n","protected":false},"author":1,"featured_media":0,"parent":0,"menu_order":0,"comment_status":"closed","ping_status":"closed","template":"","meta":{"footnotes":""},"class_list":["post-35","page","type-page","status-publish","hentry"],"_links":{"self":[{"href":"https:\/\/denisekreativewelt.de\/index.php?rest_route=\/wp\/v2\/pages\/35","targetHints":{"allow":["GET"]}}],"collection":[{"href":"https:\/\/denisekreativewelt.de\/index.php?rest_route=\/wp\/v2\/pages"}],"about":[{"href":"https:\/\/denisekreativewelt.de\/index.php?rest_route=\/wp\/v2\/types\/page"}],"author":[{"embeddable":true,"href":"https:\/\/denisekreativewelt.de\/index.php?rest_route=\/wp\/v2\/users\/1"}],"replies":[{"embeddable":true,"href":"https:\/\/denisekreativewelt.de\/index.php?rest_route=%2Fwp%2Fv2%2Fcomments&post=35"}],"version-history":[{"count":5,"href":"https:\/\/denisekreativewelt.de\/index.php?rest_route=\/wp\/v2\/pages\/35\/revisions"}],"predecessor-version":[{"id":291,"href":"https:\/\/denisekreativewelt.de\/index.php?rest_route=\/wp\/v2\/pages\/35\/revisions\/291"}],"wp:attachment":[{"href":"https:\/\/denisekreativewelt.de\/index.php?rest_route=%2Fwp%2Fv2%2Fmedia&parent=35"}],"curies":[{"name":"wp","href":"https:\/\/api.w.org\/{rel}","templated":true}]}}