{"id":299,"date":"2026-01-17T14:05:02","date_gmt":"2026-01-17T13:05:02","guid":{"rendered":"https:\/\/denisekreativewelt.de\/?page_id=299"},"modified":"2026-01-17T14:05:02","modified_gmt":"2026-01-17T13:05:02","slug":"bestellung","status":"publish","type":"page","link":"https:\/\/denisekreativewelt.de\/?page_id=299","title":{"rendered":"Bestellung"},"content":{"rendered":"\n<figure class=\"wp-block-pullquote\" style=\"border-width:3px\"><blockquote><p>1. Artikel aussuchen<\/p><cite>Worauf soll denn dein Motiv gedruckt werden<\/cite><\/blockquote><\/figure>\n\n\n\n<figure class=\"wp-block-pullquote\" style=\"border-width:3px\"><blockquote><p>2. Design senden<\/p><cite>Schicke deinen Wunschtext oder deine Designidee per Mail<\/cite><\/blockquote><\/figure>\n\n\n\n<figure class=\"wp-block-pullquote\" style=\"border-width:3px\"><blockquote><p>3. Abstimmen<\/p><cite>Wir kl\u00e4ren gemeinsam jegliche Details<\/cite><\/blockquote><\/figure>\n\n\n\n<figure class=\"wp-block-pullquote\" style=\"border-width:3px\"><blockquote><p>4. Best\u00e4tigung<\/p><cite>Wenn f\u00fcr uns <strong>beide<\/strong> alles passt gibt es die endg\u00fcltige Best\u00e4tigung der Bestellung und damit mach ich mich ans Werk<\/cite><\/blockquote><\/figure>\n\n\n\n<figure class=\"wp-block-pullquote\" style=\"border-width:3px\"><blockquote><p>5. Anzahlung\/ Bezahlung<\/p><cite>Bei individuellen Designs 100% Bezahlung bei Standardsachen 50% Anzahlung<\/cite><\/blockquote><\/figure>\n\n\n\n<figure class=\"wp-block-pullquote\" style=\"border-width:3px\"><blockquote><p>6. Bestellung wird erstellt<\/p><cite>Ich designe, bestelle, drucke und b\u00fcgle was das Zeug h\u00e4lt \ud83d\ude09<\/cite><\/blockquote><\/figure>\n\n\n\n<figure class=\"wp-block-pullquote\" style=\"border-width:3px\"><blockquote><p>7. Versand\/ Restbezahlung<\/p><cite>Ich verschicke deinen Artikel mit Rechnung und du bezahlst den Rest<\/cite><\/blockquote><\/figure>\n\n\n\n<p><\/p>\n\n\n\n<p class=\"has-text-align-center has-contrast-color has-text-color has-link-color has-x-large-font-size wp-elements-69e33139170d02137ead3687349dd86e\">Bezahlung:<\/p>\n\n\n\n<p class=\"has-text-align-center\">\u00dcberweisung<br>Paypal<br>Bar<\/p>\n\n\n\n<p class=\"has-text-align-center has-x-large-font-size\">Versand:<\/p>\n\n\n\n<p class=\"has-text-align-center\">DHL <br>Abholung<\/p>\n\n\n\n<p><\/p>\n","protected":false},"excerpt":{"rendered":"<p>1. Artikel aussuchen Worauf soll denn dein Motiv gedruckt werden 2. Design senden Schicke deinen Wunschtext oder deine Designidee per Mail 3. Abstimmen Wir kl\u00e4ren gemeinsam jegliche Details 4. Best\u00e4tigung Wenn f\u00fcr uns beide alles passt gibt es die endg\u00fcltige Best\u00e4tigung der Bestellung und damit mach ich mich ans Werk 5. Anzahlung\/ Bezahlung Bei individuellen [&hellip;]<\/p>\n","protected":false},"author":1,"featured_media":0,"parent":0,"menu_order":0,"comment_status":"closed","ping_status":"closed","template":"","meta":{"footnotes":""},"class_list":["post-299","page","type-page","status-publish","hentry"],"_links":{"self":[{"href":"https:\/\/denisekreativewelt.de\/index.php?rest_route=\/wp\/v2\/pages\/299","targetHints":{"allow":["GET"]}}],"collection":[{"href":"https:\/\/denisekreativewelt.de\/index.php?rest_route=\/wp\/v2\/pages"}],"about":[{"href":"https:\/\/denisekreativewelt.de\/index.php?rest_route=\/wp\/v2\/types\/page"}],"author":[{"embeddable":true,"href":"https:\/\/denisekreativewelt.de\/index.php?rest_route=\/wp\/v2\/users\/1"}],"replies":[{"embeddable":true,"href":"https:\/\/denisekreativewelt.de\/index.php?rest_route=%2Fwp%2Fv2%2Fcomments&post=299"}],"version-history":[{"count":1,"href":"https:\/\/denisekreativewelt.de\/index.php?rest_route=\/wp\/v2\/pages\/299\/revisions"}],"predecessor-version":[{"id":300,"href":"https:\/\/denisekreativewelt.de\/index.php?rest_route=\/wp\/v2\/pages\/299\/revisions\/300"}],"wp:attachment":[{"href":"https:\/\/denisekreativewelt.de\/index.php?rest_route=%2Fwp%2Fv2%2Fmedia&parent=299"}],"curies":[{"name":"wp","href":"https:\/\/api.w.org\/{rel}","templated":true}]}}