{"id":265,"date":"2026-01-17T09:57:42","date_gmt":"2026-01-17T08:57:42","guid":{"rendered":"https:\/\/denisekreativewelt.de\/?page_id=265"},"modified":"2026-01-17T09:57:42","modified_gmt":"2026-01-17T08:57:42","slug":"designkatalog","status":"publish","type":"page","link":"https:\/\/denisekreativewelt.de\/?page_id=265","title":{"rendered":"Designkatalog"},"content":{"rendered":"\n<p class=\"is-style-default\">Hier k\u00f6nnt ihr einen \u00dcberblick von meinen Standarddesigns sehen, jedoch liegt mein Hauptaugenmerk auf individuelle Designs weshalb es hier nur wenig Auswahl gibt.<\/p>\n\n\n\n<p>Alle Preise sind abh\u00e4ngig von der Gr\u00f6\u00dfe und Art des Artikels auf dem es gedruckt werden soll.<\/p>\n\n\n\n<div class=\"wp-block-group is-layout-grid wp-container-core-group-is-layout-478b6e6b wp-block-group-is-layout-grid\">\n<figure data-wp-context=\"{&quot;imageId&quot;:&quot;69de1b273faca&quot;}\" data-wp-interactive=\"core\/image\" data-wp-key=\"69de1b273faca\" class=\"wp-block-image size-large wp-lightbox-container\"><img loading=\"lazy\" decoding=\"async\" width=\"724\" height=\"1024\" data-wp-class--hide=\"state.isContentHidden\" data-wp-class--show=\"state.isContentVisible\" data-wp-init=\"callbacks.setButtonStyles\" data-wp-on--click=\"actions.showLightbox\" data-wp-on--load=\"callbacks.setButtonStyles\" data-wp-on-window--resize=\"callbacks.setButtonStyles\" src=\"https:\/\/denisekreativewelt.de\/wp-content\/uploads\/2025\/01\/Geburtsdaten-Bild-mit-Fotos-1-724x1024.png\" alt=\"\" class=\"wp-image-208\" srcset=\"https:\/\/denisekreativewelt.de\/wp-content\/uploads\/2025\/01\/Geburtsdaten-Bild-mit-Fotos-1-724x1024.png 724w, https:\/\/denisekreativewelt.de\/wp-content\/uploads\/2025\/01\/Geburtsdaten-Bild-mit-Fotos-1-212x300.png 212w, https:\/\/denisekreativewelt.de\/wp-content\/uploads\/2025\/01\/Geburtsdaten-Bild-mit-Fotos-1-768x1086.png 768w, https:\/\/denisekreativewelt.de\/wp-content\/uploads\/2025\/01\/Geburtsdaten-Bild-mit-Fotos-1-1086x1536.png 1086w, https:\/\/denisekreativewelt.de\/wp-content\/uploads\/2025\/01\/Geburtsdaten-Bild-mit-Fotos-1.png 1587w\" sizes=\"auto, (max-width: 724px) 100vw, 724px\" \/><button\n\t\t\tclass=\"lightbox-trigger\"\n\t\t\ttype=\"button\"\n\t\t\taria-haspopup=\"dialog\"\n\t\t\taria-label=\"Vergr\u00f6\u00dfern\"\n\t\t\tdata-wp-init=\"callbacks.initTriggerButton\"\n\t\t\tdata-wp-on--click=\"actions.showLightbox\"\n\t\t\tdata-wp-style--right=\"state.imageButtonRight\"\n\t\t\tdata-wp-style--top=\"state.imageButtonTop\"\n\t\t>\n\t\t\t<svg xmlns=\"http:\/\/www.w3.org\/2000\/svg\" width=\"12\" height=\"12\" fill=\"none\" viewBox=\"0 0 12 12\">\n\t\t\t\t<path fill=\"#fff\" d=\"M2 0a2 2 0 0 0-2 2v2h1.5V2a.5.5 0 0 1 .5-.5h2V0H2Zm2 10.5H2a.5.5 0 0 1-.5-.5V8H0v2a2 2 0 0 0 2 2h2v-1.5ZM8 12v-1.5h2a.5.5 0 0 0 .5-.5V8H12v2a2 2 0 0 1-2 2H8Zm2-12a2 2 0 0 1 2 2v2h-1.5V2a.5.5 0 0 0-.5-.5H8V0h2Z\" \/>\n\t\t\t<\/svg>\n\t\t<\/button><figcaption class=\"wp-element-caption\">Geburtsdaten-Design 1           DinA4 gedruckt ab 5\u20ac            Lieferzeit ca. 1-3 Werktage<\/figcaption><\/figure>\n\n\n\n<figure data-wp-context=\"{&quot;imageId&quot;:&quot;69de1b27411e2&quot;}\" data-wp-interactive=\"core\/image\" data-wp-key=\"69de1b27411e2\" class=\"wp-block-image size-large wp-lightbox-container\"><img loading=\"lazy\" decoding=\"async\" width=\"939\" height=\"1024\" data-wp-class--hide=\"state.isContentHidden\" data-wp-class--show=\"state.isContentVisible\" data-wp-init=\"callbacks.setButtonStyles\" data-wp-on--click=\"actions.showLightbox\" data-wp-on--load=\"callbacks.setButtonStyles\" data-wp-on-window--resize=\"callbacks.setButtonStyles\" src=\"https:\/\/denisekreativewelt.de\/wp-content\/uploads\/2025\/01\/IMG_6202-939x1024.jpeg\" alt=\"\" class=\"wp-image-68\" srcset=\"https:\/\/denisekreativewelt.de\/wp-content\/uploads\/2025\/01\/IMG_6202-939x1024.jpeg 939w, https:\/\/denisekreativewelt.de\/wp-content\/uploads\/2025\/01\/IMG_6202-275x300.jpeg 275w, https:\/\/denisekreativewelt.de\/wp-content\/uploads\/2025\/01\/IMG_6202-768x838.jpeg 768w, https:\/\/denisekreativewelt.de\/wp-content\/uploads\/2025\/01\/IMG_6202-1408x1536.jpeg 1408w, https:\/\/denisekreativewelt.de\/wp-content\/uploads\/2025\/01\/IMG_6202-1877x2048.jpeg 1877w, https:\/\/denisekreativewelt.de\/wp-content\/uploads\/2025\/01\/IMG_6202-1320x1440.jpeg 1320w, https:\/\/denisekreativewelt.de\/wp-content\/uploads\/2025\/01\/IMG_6202-600x655.jpeg 600w\" sizes=\"auto, (max-width: 939px) 100vw, 939px\" \/><button\n\t\t\tclass=\"lightbox-trigger\"\n\t\t\ttype=\"button\"\n\t\t\taria-haspopup=\"dialog\"\n\t\t\taria-label=\"Vergr\u00f6\u00dfern\"\n\t\t\tdata-wp-init=\"callbacks.initTriggerButton\"\n\t\t\tdata-wp-on--click=\"actions.showLightbox\"\n\t\t\tdata-wp-style--right=\"state.imageButtonRight\"\n\t\t\tdata-wp-style--top=\"state.imageButtonTop\"\n\t\t>\n\t\t\t<svg xmlns=\"http:\/\/www.w3.org\/2000\/svg\" width=\"12\" height=\"12\" fill=\"none\" viewBox=\"0 0 12 12\">\n\t\t\t\t<path fill=\"#fff\" d=\"M2 0a2 2 0 0 0-2 2v2h1.5V2a.5.5 0 0 1 .5-.5h2V0H2Zm2 10.5H2a.5.5 0 0 1-.5-.5V8H0v2a2 2 0 0 0 2 2h2v-1.5ZM8 12v-1.5h2a.5.5 0 0 0 .5-.5V8H12v2a2 2 0 0 1-2 2H8Zm2-12a2 2 0 0 1 2 2v2h-1.5V2a.5.5 0 0 0-.5-.5H8V0h2Z\" \/>\n\t\t\t<\/svg>\n\t\t<\/button><figcaption class=\"wp-element-caption\">Cashstuffing Einlegebl\u00e4tter          pro Blatt DinA4 (3 St\u00fcck) 1\u20ac  Lieferzeit ca. 1-3 Werktage<\/figcaption><\/figure>\n\n\n\n<figure data-wp-context=\"{&quot;imageId&quot;:&quot;69de1b2742275&quot;}\" data-wp-interactive=\"core\/image\" data-wp-key=\"69de1b2742275\" class=\"wp-block-image size-large wp-lightbox-container\"><img loading=\"lazy\" decoding=\"async\" width=\"544\" height=\"1024\" data-wp-class--hide=\"state.isContentHidden\" data-wp-class--show=\"state.isContentVisible\" data-wp-init=\"callbacks.setButtonStyles\" data-wp-on--click=\"actions.showLightbox\" data-wp-on--load=\"callbacks.setButtonStyles\" data-wp-on-window--resize=\"callbacks.setButtonStyles\" src=\"https:\/\/denisekreativewelt.de\/wp-content\/uploads\/2026\/01\/Design-Kirschbluete-Budgetblatt-544x1024.png\" alt=\"\" class=\"wp-image-276\" srcset=\"https:\/\/denisekreativewelt.de\/wp-content\/uploads\/2026\/01\/Design-Kirschbluete-Budgetblatt-544x1024.png 544w, https:\/\/denisekreativewelt.de\/wp-content\/uploads\/2026\/01\/Design-Kirschbluete-Budgetblatt-159x300.png 159w, https:\/\/denisekreativewelt.de\/wp-content\/uploads\/2026\/01\/Design-Kirschbluete-Budgetblatt-768x1446.png 768w, https:\/\/denisekreativewelt.de\/wp-content\/uploads\/2026\/01\/Design-Kirschbluete-Budgetblatt-816x1536.png 816w, https:\/\/denisekreativewelt.de\/wp-content\/uploads\/2026\/01\/Design-Kirschbluete-Budgetblatt.png 1004w\" sizes=\"auto, (max-width: 544px) 100vw, 544px\" \/><button\n\t\t\tclass=\"lightbox-trigger\"\n\t\t\ttype=\"button\"\n\t\t\taria-haspopup=\"dialog\"\n\t\t\taria-label=\"Vergr\u00f6\u00dfern\"\n\t\t\tdata-wp-init=\"callbacks.initTriggerButton\"\n\t\t\tdata-wp-on--click=\"actions.showLightbox\"\n\t\t\tdata-wp-style--right=\"state.imageButtonRight\"\n\t\t\tdata-wp-style--top=\"state.imageButtonTop\"\n\t\t>\n\t\t\t<svg xmlns=\"http:\/\/www.w3.org\/2000\/svg\" width=\"12\" height=\"12\" fill=\"none\" viewBox=\"0 0 12 12\">\n\t\t\t\t<path fill=\"#fff\" d=\"M2 0a2 2 0 0 0-2 2v2h1.5V2a.5.5 0 0 1 .5-.5h2V0H2Zm2 10.5H2a.5.5 0 0 1-.5-.5V8H0v2a2 2 0 0 0 2 2h2v-1.5ZM8 12v-1.5h2a.5.5 0 0 0 .5-.5V8H12v2a2 2 0 0 1-2 2H8Zm2-12a2 2 0 0 1 2 2v2h-1.5V2a.5.5 0 0 0-.5-.5H8V0h2Z\" \/>\n\t\t\t<\/svg>\n\t\t<\/button><figcaption class=\"wp-element-caption\">Cashstuffing Budgetblatt.         pro Blatt DinA4 (3 St\u00fcck) 1\u20ac. Lieferzeit ca. 1-3 Werktage<\/figcaption><\/figure>\n<\/div>\n\n\n\n<div class=\"wp-block-group is-layout-grid wp-container-core-group-is-layout-478b6e6b wp-block-group-is-layout-grid\">\n<figure data-wp-context=\"{&quot;imageId&quot;:&quot;69de1b2743d10&quot;}\" data-wp-interactive=\"core\/image\" data-wp-key=\"69de1b2743d10\" class=\"wp-block-image size-large wp-lightbox-container\"><img loading=\"lazy\" decoding=\"async\" width=\"576\" height=\"1024\" data-wp-class--hide=\"state.isContentHidden\" data-wp-class--show=\"state.isContentVisible\" data-wp-init=\"callbacks.setButtonStyles\" data-wp-on--click=\"actions.showLightbox\" data-wp-on--load=\"callbacks.setButtonStyles\" data-wp-on-window--resize=\"callbacks.setButtonStyles\" src=\"https:\/\/denisekreativewelt.de\/wp-content\/uploads\/2026\/01\/277B88A1-C5E9-4AE1-B786-B6108650B7CC-576x1024.jpeg\" alt=\"\" class=\"wp-image-284\" srcset=\"https:\/\/denisekreativewelt.de\/wp-content\/uploads\/2026\/01\/277B88A1-C5E9-4AE1-B786-B6108650B7CC-576x1024.jpeg 576w, https:\/\/denisekreativewelt.de\/wp-content\/uploads\/2026\/01\/277B88A1-C5E9-4AE1-B786-B6108650B7CC-169x300.jpeg 169w, https:\/\/denisekreativewelt.de\/wp-content\/uploads\/2026\/01\/277B88A1-C5E9-4AE1-B786-B6108650B7CC-768x1365.jpeg 768w, https:\/\/denisekreativewelt.de\/wp-content\/uploads\/2026\/01\/277B88A1-C5E9-4AE1-B786-B6108650B7CC-864x1536.jpeg 864w, https:\/\/denisekreativewelt.de\/wp-content\/uploads\/2026\/01\/277B88A1-C5E9-4AE1-B786-B6108650B7CC-1152x2048.jpeg 1152w, https:\/\/denisekreativewelt.de\/wp-content\/uploads\/2026\/01\/277B88A1-C5E9-4AE1-B786-B6108650B7CC-scaled.jpeg 1440w\" sizes=\"auto, (max-width: 576px) 100vw, 576px\" \/><button\n\t\t\tclass=\"lightbox-trigger\"\n\t\t\ttype=\"button\"\n\t\t\taria-haspopup=\"dialog\"\n\t\t\taria-label=\"Vergr\u00f6\u00dfern\"\n\t\t\tdata-wp-init=\"callbacks.initTriggerButton\"\n\t\t\tdata-wp-on--click=\"actions.showLightbox\"\n\t\t\tdata-wp-style--right=\"state.imageButtonRight\"\n\t\t\tdata-wp-style--top=\"state.imageButtonTop\"\n\t\t>\n\t\t\t<svg xmlns=\"http:\/\/www.w3.org\/2000\/svg\" width=\"12\" height=\"12\" fill=\"none\" viewBox=\"0 0 12 12\">\n\t\t\t\t<path fill=\"#fff\" d=\"M2 0a2 2 0 0 0-2 2v2h1.5V2a.5.5 0 0 1 .5-.5h2V0H2Zm2 10.5H2a.5.5 0 0 1-.5-.5V8H0v2a2 2 0 0 0 2 2h2v-1.5ZM8 12v-1.5h2a.5.5 0 0 0 .5-.5V8H12v2a2 2 0 0 1-2 2H8Zm2-12a2 2 0 0 1 2 2v2h-1.5V2a.5.5 0 0 0-.5-.5H8V0h2Z\" \/>\n\t\t\t<\/svg>\n\t\t<\/button><figcaption class=\"wp-element-caption\">Weihnachtswichtel als DTF B\u00fcgelbild ab 4\u20ac je nach Gr\u00f6\u00dfe Lieferzeit ca. 1-3 Werktage<\/figcaption><\/figure>\n\n\n\n<figure data-wp-context=\"{&quot;imageId&quot;:&quot;69de1b2745416&quot;}\" data-wp-interactive=\"core\/image\" data-wp-key=\"69de1b2745416\" class=\"wp-block-image size-large wp-lightbox-container\"><img loading=\"lazy\" decoding=\"async\" width=\"787\" height=\"1024\" data-wp-class--hide=\"state.isContentHidden\" data-wp-class--show=\"state.isContentVisible\" data-wp-init=\"callbacks.setButtonStyles\" data-wp-on--click=\"actions.showLightbox\" data-wp-on--load=\"callbacks.setButtonStyles\" data-wp-on-window--resize=\"callbacks.setButtonStyles\" src=\"https:\/\/denisekreativewelt.de\/wp-content\/uploads\/2026\/01\/IMG_8089-787x1024.jpeg\" alt=\"\" class=\"wp-image-286\" srcset=\"https:\/\/denisekreativewelt.de\/wp-content\/uploads\/2026\/01\/IMG_8089-787x1024.jpeg 787w, https:\/\/denisekreativewelt.de\/wp-content\/uploads\/2026\/01\/IMG_8089-231x300.jpeg 231w, https:\/\/denisekreativewelt.de\/wp-content\/uploads\/2026\/01\/IMG_8089-768x999.jpeg 768w, https:\/\/denisekreativewelt.de\/wp-content\/uploads\/2026\/01\/IMG_8089-1181x1536.jpeg 1181w, https:\/\/denisekreativewelt.de\/wp-content\/uploads\/2026\/01\/IMG_8089-1574x2048.jpeg 1574w, https:\/\/denisekreativewelt.de\/wp-content\/uploads\/2026\/01\/IMG_8089-scaled.jpeg 1968w\" sizes=\"auto, (max-width: 787px) 100vw, 787px\" \/><button\n\t\t\tclass=\"lightbox-trigger\"\n\t\t\ttype=\"button\"\n\t\t\taria-haspopup=\"dialog\"\n\t\t\taria-label=\"Vergr\u00f6\u00dfern\"\n\t\t\tdata-wp-init=\"callbacks.initTriggerButton\"\n\t\t\tdata-wp-on--click=\"actions.showLightbox\"\n\t\t\tdata-wp-style--right=\"state.imageButtonRight\"\n\t\t\tdata-wp-style--top=\"state.imageButtonTop\"\n\t\t>\n\t\t\t<svg xmlns=\"http:\/\/www.w3.org\/2000\/svg\" width=\"12\" height=\"12\" fill=\"none\" viewBox=\"0 0 12 12\">\n\t\t\t\t<path fill=\"#fff\" d=\"M2 0a2 2 0 0 0-2 2v2h1.5V2a.5.5 0 0 1 .5-.5h2V0H2Zm2 10.5H2a.5.5 0 0 1-.5-.5V8H0v2a2 2 0 0 0 2 2h2v-1.5ZM8 12v-1.5h2a.5.5 0 0 0 .5-.5V8H12v2a2 2 0 0 1-2 2H8Zm2-12a2 2 0 0 1 2 2v2h-1.5V2a.5.5 0 0 0-.5-.5H8V0h2Z\" \/>\n\t\t\t<\/svg>\n\t\t<\/button><figcaption class=\"wp-element-caption\">Niedlicher Drache als DTF B\u00fcgelbild ab 4\u20ac je nach Gr\u00f6\u00dfe Lieferzeit ca. 1-3 Werktage<\/figcaption><\/figure>\n\n\n\n<figure class=\"wp-block-image size-large\"><img loading=\"lazy\" decoding=\"async\" width=\"726\" height=\"1024\" src=\"https:\/\/denisekreativewelt.de\/wp-content\/uploads\/2026\/01\/Geburtstagseinladung-Kinder-726x1024.png\" alt=\"\" class=\"wp-image-289\" srcset=\"https:\/\/denisekreativewelt.de\/wp-content\/uploads\/2026\/01\/Geburtstagseinladung-Kinder-726x1024.png 726w, https:\/\/denisekreativewelt.de\/wp-content\/uploads\/2026\/01\/Geburtstagseinladung-Kinder-213x300.png 213w, https:\/\/denisekreativewelt.de\/wp-content\/uploads\/2026\/01\/Geburtstagseinladung-Kinder-768x1083.png 768w, https:\/\/denisekreativewelt.de\/wp-content\/uploads\/2026\/01\/Geburtstagseinladung-Kinder-1090x1536.png 1090w, https:\/\/denisekreativewelt.de\/wp-content\/uploads\/2026\/01\/Geburtstagseinladung-Kinder.png 1240w\" sizes=\"auto, (max-width: 726px) 100vw, 726px\" \/><figcaption class=\"wp-element-caption\">Geburtstagseinladung digital 5\u20ac ausgedruckt DinA5 (2 St\u00fcck)6\u20ac Lieferzeit ca. 1-3 Werktage<\/figcaption><\/figure>\n<\/div>\n","protected":false},"excerpt":{"rendered":"<p>Hier k\u00f6nnt ihr einen \u00dcberblick von meinen Standarddesigns sehen, jedoch liegt mein Hauptaugenmerk auf individuelle Designs weshalb es hier nur wenig Auswahl gibt. Alle Preise sind abh\u00e4ngig von der Gr\u00f6\u00dfe und Art des Artikels auf dem es gedruckt werden soll.<\/p>\n","protected":false},"author":1,"featured_media":0,"parent":0,"menu_order":0,"comment_status":"closed","ping_status":"closed","template":"","meta":{"footnotes":""},"class_list":["post-265","page","type-page","status-publish","hentry"],"_links":{"self":[{"href":"https:\/\/denisekreativewelt.de\/index.php?rest_route=\/wp\/v2\/pages\/265","targetHints":{"allow":["GET"]}}],"collection":[{"href":"https:\/\/denisekreativewelt.de\/index.php?rest_route=\/wp\/v2\/pages"}],"about":[{"href":"https:\/\/denisekreativewelt.de\/index.php?rest_route=\/wp\/v2\/types\/page"}],"author":[{"embeddable":true,"href":"https:\/\/denisekreativewelt.de\/index.php?rest_route=\/wp\/v2\/users\/1"}],"replies":[{"embeddable":true,"href":"https:\/\/denisekreativewelt.de\/index.php?rest_route=%2Fwp%2Fv2%2Fcomments&post=265"}],"version-history":[{"count":1,"href":"https:\/\/denisekreativewelt.de\/index.php?rest_route=\/wp\/v2\/pages\/265\/revisions"}],"predecessor-version":[{"id":292,"href":"https:\/\/denisekreativewelt.de\/index.php?rest_route=\/wp\/v2\/pages\/265\/revisions\/292"}],"wp:attachment":[{"href":"https:\/\/denisekreativewelt.de\/index.php?rest_route=%2Fwp%2Fv2%2Fmedia&parent=265"}],"curies":[{"name":"wp","href":"https:\/\/api.w.org\/{rel}","templated":true}]}}