{"id":163,"date":"2025-06-16T17:45:44","date_gmt":"2025-06-16T16:45:44","guid":{"rendered":"https:\/\/denisekreativewelt.de\/?page_id=163"},"modified":"2026-01-18T11:08:15","modified_gmt":"2026-01-18T10:08:15","slug":"preisliste","status":"publish","type":"page","link":"https:\/\/denisekreativewelt.de\/?page_id=163","title":{"rendered":"Artikelkatalog"},"content":{"rendered":"\n<p class=\"is-style-default\">Hier k\u00f6nnt ihr einen \u00dcberblick von meinen Standardartikeln sehen, falls aber dein Wunschartikel nicht dabei ist einfach Anfrage stellen und wir schauen was machbar ist.<\/p>\n\n\n\n<p>Alle Preise sind abh\u00e4ngig von Design, Gr\u00f6\u00dfe und Art des Aufdrucks<\/p>\n\n\n\n<p>Alle Lieferzeiten sind abh\u00e4ngig von meinem derzeitigen Lagerbestand.<\/p>\n\n\n\n<div class=\"wp-block-group is-layout-grid wp-container-core-group-is-layout-478b6e6b wp-block-group-is-layout-grid\">\n<figure class=\"wp-block-image size-large\"><img loading=\"lazy\" decoding=\"async\" width=\"768\" height=\"1024\" src=\"https:\/\/denisekreativewelt.de\/wp-content\/uploads\/2025\/01\/IMG_7078-768x1024.jpeg\" alt=\"\" class=\"wp-image-144\" srcset=\"https:\/\/denisekreativewelt.de\/wp-content\/uploads\/2025\/01\/IMG_7078-768x1024.jpeg 768w, https:\/\/denisekreativewelt.de\/wp-content\/uploads\/2025\/01\/IMG_7078-225x300.jpeg 225w, https:\/\/denisekreativewelt.de\/wp-content\/uploads\/2025\/01\/IMG_7078-1152x1536.jpeg 1152w, https:\/\/denisekreativewelt.de\/wp-content\/uploads\/2025\/01\/IMG_7078-1536x2048.jpeg 1536w, https:\/\/denisekreativewelt.de\/wp-content\/uploads\/2025\/01\/IMG_7078-scaled.jpeg 1920w\" sizes=\"auto, (max-width: 768px) 100vw, 768px\" \/><figcaption class=\"wp-element-caption\">Schl\u00fcsselanh\u00e4nger ab 6\u20ac  Lieferzeit 1-3 Arbeitstage<\/figcaption><\/figure>\n\n\n\n<figure class=\"wp-block-image size-large\"><img loading=\"lazy\" decoding=\"async\" width=\"768\" height=\"1024\" src=\"https:\/\/denisekreativewelt.de\/wp-content\/uploads\/2025\/01\/IMG_6781-768x1024.jpeg\" alt=\"\" class=\"wp-image-75\" srcset=\"https:\/\/denisekreativewelt.de\/wp-content\/uploads\/2025\/01\/IMG_6781-768x1024.jpeg 768w, https:\/\/denisekreativewelt.de\/wp-content\/uploads\/2025\/01\/IMG_6781-225x300.jpeg 225w, https:\/\/denisekreativewelt.de\/wp-content\/uploads\/2025\/01\/IMG_6781-1152x1536.jpeg 1152w, https:\/\/denisekreativewelt.de\/wp-content\/uploads\/2025\/01\/IMG_6781-1536x2048.jpeg 1536w, https:\/\/denisekreativewelt.de\/wp-content\/uploads\/2025\/01\/IMG_6781-1320x1760.jpeg 1320w, https:\/\/denisekreativewelt.de\/wp-content\/uploads\/2025\/01\/IMG_6781-600x800.jpeg 600w, https:\/\/denisekreativewelt.de\/wp-content\/uploads\/2025\/01\/IMG_6781-scaled.jpeg 1920w\" sizes=\"auto, (max-width: 768px) 100vw, 768px\" \/><figcaption class=\"wp-element-caption\">Kissenbezug ab 10\u20ac        Lieferzeit 1-5 Arbeitstage<\/figcaption><\/figure>\n\n\n\n<figure class=\"wp-block-image size-large\"><img loading=\"lazy\" decoding=\"async\" width=\"768\" height=\"1024\" src=\"https:\/\/denisekreativewelt.de\/wp-content\/uploads\/2026\/01\/IMG_8264-768x1024.jpeg\" alt=\"\" class=\"wp-image-251\" srcset=\"https:\/\/denisekreativewelt.de\/wp-content\/uploads\/2026\/01\/IMG_8264-768x1024.jpeg 768w, https:\/\/denisekreativewelt.de\/wp-content\/uploads\/2026\/01\/IMG_8264-225x300.jpeg 225w, https:\/\/denisekreativewelt.de\/wp-content\/uploads\/2026\/01\/IMG_8264-1152x1536.jpeg 1152w, https:\/\/denisekreativewelt.de\/wp-content\/uploads\/2026\/01\/IMG_8264-1536x2048.jpeg 1536w, https:\/\/denisekreativewelt.de\/wp-content\/uploads\/2026\/01\/IMG_8264-scaled.jpeg 1920w\" sizes=\"auto, (max-width: 768px) 100vw, 768px\" \/><figcaption class=\"wp-element-caption\">Baumwolltasche ab 6\u20ac         Lieferzeit 1-5 Arbeitstage<\/figcaption><\/figure>\n<\/div>\n\n\n\n<div class=\"wp-block-group is-layout-grid wp-container-core-group-is-layout-478b6e6b wp-block-group-is-layout-grid\">\n<figure class=\"wp-block-image size-large\"><img loading=\"lazy\" decoding=\"async\" width=\"1024\" height=\"768\" src=\"https:\/\/denisekreativewelt.de\/wp-content\/uploads\/2026\/01\/IMG_8545-1024x768.jpeg\" alt=\"\" class=\"wp-image-252\" srcset=\"https:\/\/denisekreativewelt.de\/wp-content\/uploads\/2026\/01\/IMG_8545-1024x768.jpeg 1024w, https:\/\/denisekreativewelt.de\/wp-content\/uploads\/2026\/01\/IMG_8545-300x225.jpeg 300w, https:\/\/denisekreativewelt.de\/wp-content\/uploads\/2026\/01\/IMG_8545-768x576.jpeg 768w, https:\/\/denisekreativewelt.de\/wp-content\/uploads\/2026\/01\/IMG_8545-1536x1152.jpeg 1536w, https:\/\/denisekreativewelt.de\/wp-content\/uploads\/2026\/01\/IMG_8545-2048x1536.jpeg 2048w\" sizes=\"auto, (max-width: 1024px) 100vw, 1024px\" \/><figcaption class=\"wp-element-caption\">Tasse 10\u20ac                               Lieferzeit 1-3 Arbeitstage<\/figcaption><\/figure>\n\n\n\n<figure class=\"wp-block-image size-large\"><img loading=\"lazy\" decoding=\"async\" width=\"768\" height=\"1024\" src=\"https:\/\/denisekreativewelt.de\/wp-content\/uploads\/2025\/01\/IMG_7092-768x1024.jpeg\" alt=\"\" class=\"wp-image-148\" srcset=\"https:\/\/denisekreativewelt.de\/wp-content\/uploads\/2025\/01\/IMG_7092-768x1024.jpeg 768w, https:\/\/denisekreativewelt.de\/wp-content\/uploads\/2025\/01\/IMG_7092-225x300.jpeg 225w, https:\/\/denisekreativewelt.de\/wp-content\/uploads\/2025\/01\/IMG_7092-1152x1536.jpeg 1152w, https:\/\/denisekreativewelt.de\/wp-content\/uploads\/2025\/01\/IMG_7092-1536x2048.jpeg 1536w, https:\/\/denisekreativewelt.de\/wp-content\/uploads\/2025\/01\/IMG_7092-scaled.jpeg 1920w\" sizes=\"auto, (max-width: 768px) 100vw, 768px\" \/><figcaption class=\"wp-element-caption\">Untersetzer ab 2\u20ac.              Lieferzeit 1-3 Arbeitstage<\/figcaption><\/figure>\n\n\n\n<figure class=\"wp-block-image size-large\"><img loading=\"lazy\" decoding=\"async\" width=\"768\" height=\"1024\" src=\"https:\/\/denisekreativewelt.de\/wp-content\/uploads\/2025\/01\/IMG_7157-768x1024.jpeg\" alt=\"\" class=\"wp-image-153\" srcset=\"https:\/\/denisekreativewelt.de\/wp-content\/uploads\/2025\/01\/IMG_7157-768x1024.jpeg 768w, https:\/\/denisekreativewelt.de\/wp-content\/uploads\/2025\/01\/IMG_7157-225x300.jpeg 225w, https:\/\/denisekreativewelt.de\/wp-content\/uploads\/2025\/01\/IMG_7157-1152x1536.jpeg 1152w, https:\/\/denisekreativewelt.de\/wp-content\/uploads\/2025\/01\/IMG_7157-1536x2048.jpeg 1536w, https:\/\/denisekreativewelt.de\/wp-content\/uploads\/2025\/01\/IMG_7157-scaled.jpeg 1920w\" sizes=\"auto, (max-width: 768px) 100vw, 768px\" \/><figcaption class=\"wp-element-caption\">Lesezeichen ab 2\u20ac           Lieferzeit 1-3 Arbeitstage<\/figcaption><\/figure>\n<\/div>\n\n\n\n<div class=\"wp-block-group is-layout-grid wp-container-core-group-is-layout-478b6e6b wp-block-group-is-layout-grid\">\n<figure class=\"wp-block-image size-large\"><img loading=\"lazy\" decoding=\"async\" width=\"768\" height=\"1024\" src=\"https:\/\/denisekreativewelt.de\/wp-content\/uploads\/2026\/01\/IMG_6910-768x1024.jpeg\" alt=\"\" class=\"wp-image-253\" srcset=\"https:\/\/denisekreativewelt.de\/wp-content\/uploads\/2026\/01\/IMG_6910-768x1024.jpeg 768w, https:\/\/denisekreativewelt.de\/wp-content\/uploads\/2026\/01\/IMG_6910-225x300.jpeg 225w, https:\/\/denisekreativewelt.de\/wp-content\/uploads\/2026\/01\/IMG_6910-1152x1536.jpeg 1152w, https:\/\/denisekreativewelt.de\/wp-content\/uploads\/2026\/01\/IMG_6910-1536x2048.jpeg 1536w, https:\/\/denisekreativewelt.de\/wp-content\/uploads\/2026\/01\/IMG_6910-scaled.jpeg 1920w\" sizes=\"auto, (max-width: 768px) 100vw, 768px\" \/><figcaption class=\"wp-element-caption\">T-Shit ab 10\u20ac                        Lieferzeit 2-6 Arbeitstage<\/figcaption><\/figure>\n\n\n\n<figure class=\"wp-block-image size-large\"><img loading=\"lazy\" decoding=\"async\" width=\"1024\" height=\"768\" src=\"https:\/\/denisekreativewelt.de\/wp-content\/uploads\/2026\/01\/IMG_7469-1024x768.jpeg\" alt=\"\" class=\"wp-image-302\" srcset=\"https:\/\/denisekreativewelt.de\/wp-content\/uploads\/2026\/01\/IMG_7469-1024x768.jpeg 1024w, https:\/\/denisekreativewelt.de\/wp-content\/uploads\/2026\/01\/IMG_7469-300x225.jpeg 300w, https:\/\/denisekreativewelt.de\/wp-content\/uploads\/2026\/01\/IMG_7469-768x576.jpeg 768w, https:\/\/denisekreativewelt.de\/wp-content\/uploads\/2026\/01\/IMG_7469-1536x1152.jpeg 1536w, https:\/\/denisekreativewelt.de\/wp-content\/uploads\/2026\/01\/IMG_7469-2048x1536.jpeg 2048w\" sizes=\"auto, (max-width: 1024px) 100vw, 1024px\" \/><figcaption class=\"wp-element-caption\">Filztasche ab 15\u20ac               Lieferzeit 2-6 Arbeitstage<\/figcaption><\/figure>\n\n\n\n<figure class=\"wp-block-image size-large\"><img loading=\"lazy\" decoding=\"async\" width=\"768\" height=\"1024\" src=\"https:\/\/denisekreativewelt.de\/wp-content\/uploads\/2026\/01\/IMG_8185-768x1024.jpeg\" alt=\"\" class=\"wp-image-303\" srcset=\"https:\/\/denisekreativewelt.de\/wp-content\/uploads\/2026\/01\/IMG_8185-768x1024.jpeg 768w, https:\/\/denisekreativewelt.de\/wp-content\/uploads\/2026\/01\/IMG_8185-225x300.jpeg 225w, https:\/\/denisekreativewelt.de\/wp-content\/uploads\/2026\/01\/IMG_8185-1152x1536.jpeg 1152w, https:\/\/denisekreativewelt.de\/wp-content\/uploads\/2026\/01\/IMG_8185-1536x2048.jpeg 1536w, https:\/\/denisekreativewelt.de\/wp-content\/uploads\/2026\/01\/IMG_8185-scaled.jpeg 1920w\" sizes=\"auto, (max-width: 768px) 100vw, 768px\" \/><figcaption class=\"wp-element-caption\">Fleeceschaal ab 8\u20ac<br>M\u00fctze ab 10\u20ac<br>Lieferzeit 2-6 Arbeitstage<\/figcaption><\/figure>\n<\/div>\n\n\n\n<div class=\"wp-block-group is-layout-grid wp-container-core-group-is-layout-478b6e6b wp-block-group-is-layout-grid\">\n<figure class=\"wp-block-image size-large\"><img loading=\"lazy\" decoding=\"async\" width=\"768\" height=\"1024\" src=\"https:\/\/denisekreativewelt.de\/wp-content\/uploads\/2026\/01\/IMG_7172-768x1024.jpeg\" alt=\"\" class=\"wp-image-304\" srcset=\"https:\/\/denisekreativewelt.de\/wp-content\/uploads\/2026\/01\/IMG_7172-768x1024.jpeg 768w, https:\/\/denisekreativewelt.de\/wp-content\/uploads\/2026\/01\/IMG_7172-225x300.jpeg 225w, https:\/\/denisekreativewelt.de\/wp-content\/uploads\/2026\/01\/IMG_7172-1152x1536.jpeg 1152w, https:\/\/denisekreativewelt.de\/wp-content\/uploads\/2026\/01\/IMG_7172-1536x2048.jpeg 1536w, https:\/\/denisekreativewelt.de\/wp-content\/uploads\/2026\/01\/IMG_7172-scaled.jpeg 1920w\" sizes=\"auto, (max-width: 768px) 100vw, 768px\" \/><figcaption class=\"wp-element-caption\">Basecap ab 7\u20ac<br>Lieferzeit 2-6 Arbeitstage<\/figcaption><\/figure>\n\n\n\n<figure class=\"wp-block-image size-large\"><img loading=\"lazy\" decoding=\"async\" width=\"768\" height=\"1024\" src=\"https:\/\/denisekreativewelt.de\/wp-content\/uploads\/2025\/01\/IMG_6739-768x1024.jpeg\" alt=\"\" class=\"wp-image-60\" srcset=\"https:\/\/denisekreativewelt.de\/wp-content\/uploads\/2025\/01\/IMG_6739-768x1024.jpeg 768w, https:\/\/denisekreativewelt.de\/wp-content\/uploads\/2025\/01\/IMG_6739-225x300.jpeg 225w, https:\/\/denisekreativewelt.de\/wp-content\/uploads\/2025\/01\/IMG_6739-1152x1536.jpeg 1152w, https:\/\/denisekreativewelt.de\/wp-content\/uploads\/2025\/01\/IMG_6739-1536x2048.jpeg 1536w, https:\/\/denisekreativewelt.de\/wp-content\/uploads\/2025\/01\/IMG_6739-1320x1760.jpeg 1320w, https:\/\/denisekreativewelt.de\/wp-content\/uploads\/2025\/01\/IMG_6739-600x800.jpeg 600w, https:\/\/denisekreativewelt.de\/wp-content\/uploads\/2025\/01\/IMG_6739-scaled.jpeg 1920w\" sizes=\"auto, (max-width: 768px) 100vw, 768px\" \/><figcaption class=\"wp-element-caption\">Vorratsdosen-Aufkleber 0,50\u20ac<br>Lieferzeit 1-2 Arbeitstage<\/figcaption><\/figure>\n\n\n\n<figure class=\"wp-block-image size-large\"><img loading=\"lazy\" decoding=\"async\" width=\"768\" height=\"1024\" src=\"https:\/\/denisekreativewelt.de\/wp-content\/uploads\/2025\/01\/IMG_6744-768x1024.jpeg\" alt=\"\" class=\"wp-image-62\" srcset=\"https:\/\/denisekreativewelt.de\/wp-content\/uploads\/2025\/01\/IMG_6744-768x1024.jpeg 768w, https:\/\/denisekreativewelt.de\/wp-content\/uploads\/2025\/01\/IMG_6744-225x300.jpeg 225w, https:\/\/denisekreativewelt.de\/wp-content\/uploads\/2025\/01\/IMG_6744-1152x1536.jpeg 1152w, https:\/\/denisekreativewelt.de\/wp-content\/uploads\/2025\/01\/IMG_6744-1536x2048.jpeg 1536w, https:\/\/denisekreativewelt.de\/wp-content\/uploads\/2025\/01\/IMG_6744-1320x1760.jpeg 1320w, https:\/\/denisekreativewelt.de\/wp-content\/uploads\/2025\/01\/IMG_6744-600x800.jpeg 600w, https:\/\/denisekreativewelt.de\/wp-content\/uploads\/2025\/01\/IMG_6744-scaled.jpeg 1920w\" sizes=\"auto, (max-width: 768px) 100vw, 768px\" \/><figcaption class=\"wp-element-caption\">Fr\u00fchst\u00fccksbox-Aufkleber 1\u20ac<br>Lieferzeit 1-2 Arbeitstage<\/figcaption><\/figure>\n<\/div>\n\n\n\n<div class=\"wp-block-group is-layout-grid wp-container-core-group-is-layout-478b6e6b wp-block-group-is-layout-grid\">\n<figure class=\"wp-block-image size-large\"><img loading=\"lazy\" decoding=\"async\" width=\"1024\" height=\"768\" src=\"https:\/\/denisekreativewelt.de\/wp-content\/uploads\/2025\/01\/IMG_7161-1024x768.jpeg\" alt=\"\" class=\"wp-image-155\" srcset=\"https:\/\/denisekreativewelt.de\/wp-content\/uploads\/2025\/01\/IMG_7161-1024x768.jpeg 1024w, https:\/\/denisekreativewelt.de\/wp-content\/uploads\/2025\/01\/IMG_7161-300x225.jpeg 300w, https:\/\/denisekreativewelt.de\/wp-content\/uploads\/2025\/01\/IMG_7161-768x576.jpeg 768w, https:\/\/denisekreativewelt.de\/wp-content\/uploads\/2025\/01\/IMG_7161-1536x1152.jpeg 1536w, https:\/\/denisekreativewelt.de\/wp-content\/uploads\/2025\/01\/IMG_7161-2048x1536.jpeg 2048w\" sizes=\"auto, (max-width: 1024px) 100vw, 1024px\" \/><figcaption class=\"wp-element-caption\">Mutterpassh\u00fcllen ab 11\u20ac<br>Lieferzeit 2-6 Arbeitstage<\/figcaption><\/figure>\n\n\n\n<figure class=\"wp-block-image size-large\"><img loading=\"lazy\" decoding=\"async\" width=\"1024\" height=\"768\" src=\"https:\/\/denisekreativewelt.de\/wp-content\/uploads\/2026\/01\/IMG_7982-1024x768.jpeg\" alt=\"\" class=\"wp-image-306\" srcset=\"https:\/\/denisekreativewelt.de\/wp-content\/uploads\/2026\/01\/IMG_7982-1024x768.jpeg 1024w, https:\/\/denisekreativewelt.de\/wp-content\/uploads\/2026\/01\/IMG_7982-300x225.jpeg 300w, https:\/\/denisekreativewelt.de\/wp-content\/uploads\/2026\/01\/IMG_7982-768x576.jpeg 768w, https:\/\/denisekreativewelt.de\/wp-content\/uploads\/2026\/01\/IMG_7982-1536x1152.jpeg 1536w, https:\/\/denisekreativewelt.de\/wp-content\/uploads\/2026\/01\/IMG_7982-2048x1536.jpeg 2048w\" sizes=\"auto, (max-width: 1024px) 100vw, 1024px\" \/><figcaption class=\"wp-element-caption\">Karte 2,50\u20ac<br>Lieferzeit 1-2 Arbeitstage<\/figcaption><\/figure>\n\n\n\n<figure class=\"wp-block-image size-large\"><img loading=\"lazy\" decoding=\"async\" width=\"1024\" height=\"768\" src=\"https:\/\/denisekreativewelt.de\/wp-content\/uploads\/2025\/01\/IMG_7171-1024x768.jpeg\" alt=\"\" class=\"wp-image-182\" srcset=\"https:\/\/denisekreativewelt.de\/wp-content\/uploads\/2025\/01\/IMG_7171-1024x768.jpeg 1024w, https:\/\/denisekreativewelt.de\/wp-content\/uploads\/2025\/01\/IMG_7171-300x225.jpeg 300w, https:\/\/denisekreativewelt.de\/wp-content\/uploads\/2025\/01\/IMG_7171-768x576.jpeg 768w, https:\/\/denisekreativewelt.de\/wp-content\/uploads\/2025\/01\/IMG_7171-1536x1152.jpeg 1536w, https:\/\/denisekreativewelt.de\/wp-content\/uploads\/2025\/01\/IMG_7171-2048x1536.jpeg 2048w\" sizes=\"auto, (max-width: 1024px) 100vw, 1024px\" \/><figcaption class=\"wp-element-caption\">Kosmetikbeute ab 7\u20ac<br>Lieferzeit 1-6 Arbeitstage<\/figcaption><\/figure>\n<\/div>\n\n\n\n<div class=\"wp-block-group is-layout-grid wp-container-core-group-is-layout-478b6e6b wp-block-group-is-layout-grid\">\n<figure class=\"wp-block-image size-large\"><img loading=\"lazy\" decoding=\"async\" width=\"1024\" height=\"576\" src=\"https:\/\/denisekreativewelt.de\/wp-content\/uploads\/2025\/01\/F24355C2-F34B-4993-9282-CFC5EADEA8AD-1024x576.jpeg\" alt=\"\" class=\"wp-image-138\" srcset=\"https:\/\/denisekreativewelt.de\/wp-content\/uploads\/2025\/01\/F24355C2-F34B-4993-9282-CFC5EADEA8AD-1024x576.jpeg 1024w, https:\/\/denisekreativewelt.de\/wp-content\/uploads\/2025\/01\/F24355C2-F34B-4993-9282-CFC5EADEA8AD-300x169.jpeg 300w, https:\/\/denisekreativewelt.de\/wp-content\/uploads\/2025\/01\/F24355C2-F34B-4993-9282-CFC5EADEA8AD-768x432.jpeg 768w, https:\/\/denisekreativewelt.de\/wp-content\/uploads\/2025\/01\/F24355C2-F34B-4993-9282-CFC5EADEA8AD-1536x864.jpeg 1536w, https:\/\/denisekreativewelt.de\/wp-content\/uploads\/2025\/01\/F24355C2-F34B-4993-9282-CFC5EADEA8AD-2048x1152.jpeg 2048w\" sizes=\"auto, (max-width: 1024px) 100vw, 1024px\" \/><figcaption class=\"wp-element-caption\">Beutelchen ab 1,50\u20ac<br>Lieferzeit 1-3 Arbeitstage<\/figcaption><\/figure>\n\n\n\n<figure class=\"wp-block-image size-large\"><img loading=\"lazy\" decoding=\"async\" width=\"768\" height=\"1024\" src=\"https:\/\/denisekreativewelt.de\/wp-content\/uploads\/2025\/01\/IMG_7077-768x1024.jpeg\" alt=\"\" class=\"wp-image-143\" srcset=\"https:\/\/denisekreativewelt.de\/wp-content\/uploads\/2025\/01\/IMG_7077-768x1024.jpeg 768w, https:\/\/denisekreativewelt.de\/wp-content\/uploads\/2025\/01\/IMG_7077-225x300.jpeg 225w, https:\/\/denisekreativewelt.de\/wp-content\/uploads\/2025\/01\/IMG_7077-1152x1536.jpeg 1152w, https:\/\/denisekreativewelt.de\/wp-content\/uploads\/2025\/01\/IMG_7077-1536x2048.jpeg 1536w, https:\/\/denisekreativewelt.de\/wp-content\/uploads\/2025\/01\/IMG_7077-scaled.jpeg 1920w\" sizes=\"auto, (max-width: 768px) 100vw, 768px\" \/><figcaption class=\"wp-element-caption\">&#8222;DU&#8220; T\u00e4schchen ab 2\u20ac<br>Lieferzeit 1-3 Arbeitstage<\/figcaption><\/figure>\n\n\n\n<figure class=\"wp-block-image size-large\"><img loading=\"lazy\" decoding=\"async\" width=\"1024\" height=\"768\" src=\"https:\/\/denisekreativewelt.de\/wp-content\/uploads\/2025\/01\/IMG_7054-1024x768.jpeg\" alt=\"\" class=\"wp-image-141\" srcset=\"https:\/\/denisekreativewelt.de\/wp-content\/uploads\/2025\/01\/IMG_7054-1024x768.jpeg 1024w, https:\/\/denisekreativewelt.de\/wp-content\/uploads\/2025\/01\/IMG_7054-300x225.jpeg 300w, https:\/\/denisekreativewelt.de\/wp-content\/uploads\/2025\/01\/IMG_7054-768x576.jpeg 768w, https:\/\/denisekreativewelt.de\/wp-content\/uploads\/2025\/01\/IMG_7054-1536x1152.jpeg 1536w, https:\/\/denisekreativewelt.de\/wp-content\/uploads\/2025\/01\/IMG_7054-2048x1536.jpeg 2048w\" sizes=\"auto, (max-width: 1024px) 100vw, 1024px\" \/><figcaption class=\"wp-element-caption\">Aufkleber Heckscheibe ab 4\u20ac<br>Lieferzeit 1-3 Arbeitstage<\/figcaption><\/figure>\n<\/div>\n\n\n\n<div class=\"wp-block-group is-layout-grid wp-container-core-group-is-layout-478b6e6b wp-block-group-is-layout-grid\">\n<figure class=\"wp-block-image size-large\"><img loading=\"lazy\" decoding=\"async\" width=\"1024\" height=\"768\" src=\"https:\/\/denisekreativewelt.de\/wp-content\/uploads\/2026\/01\/IMG_8574-1024x768.jpeg\" alt=\"\" class=\"wp-image-307\" srcset=\"https:\/\/denisekreativewelt.de\/wp-content\/uploads\/2026\/01\/IMG_8574-1024x768.jpeg 1024w, https:\/\/denisekreativewelt.de\/wp-content\/uploads\/2026\/01\/IMG_8574-300x225.jpeg 300w, https:\/\/denisekreativewelt.de\/wp-content\/uploads\/2026\/01\/IMG_8574-768x576.jpeg 768w, https:\/\/denisekreativewelt.de\/wp-content\/uploads\/2026\/01\/IMG_8574-1536x1152.jpeg 1536w, https:\/\/denisekreativewelt.de\/wp-content\/uploads\/2026\/01\/IMG_8574-2048x1536.jpeg 2048w\" sizes=\"auto, (max-width: 1024px) 100vw, 1024px\" \/><figcaption class=\"wp-element-caption\">Kerzenhalter ab 1,50\u20ac <br>Lieferzeit 1-3 Arbeitstage<\/figcaption><\/figure>\n\n\n\n<figure class=\"wp-block-image size-large\"><img loading=\"lazy\" decoding=\"async\" width=\"1024\" height=\"768\" src=\"https:\/\/denisekreativewelt.de\/wp-content\/uploads\/2026\/01\/IMG_8576-1024x768.jpeg\" alt=\"\" class=\"wp-image-308\" srcset=\"https:\/\/denisekreativewelt.de\/wp-content\/uploads\/2026\/01\/IMG_8576-1024x768.jpeg 1024w, https:\/\/denisekreativewelt.de\/wp-content\/uploads\/2026\/01\/IMG_8576-300x225.jpeg 300w, https:\/\/denisekreativewelt.de\/wp-content\/uploads\/2026\/01\/IMG_8576-768x576.jpeg 768w, https:\/\/denisekreativewelt.de\/wp-content\/uploads\/2026\/01\/IMG_8576-1536x1152.jpeg 1536w, https:\/\/denisekreativewelt.de\/wp-content\/uploads\/2026\/01\/IMG_8576-2048x1536.jpeg 2048w\" sizes=\"auto, (max-width: 1024px) 100vw, 1024px\" \/><figcaption class=\"wp-element-caption\">Filzuntersetzer ab 5\u20ac<br>Lieferzeit 2-6 Arbeitstage<\/figcaption><\/figure>\n\n\n\n<figure class=\"wp-block-image size-large\"><img loading=\"lazy\" decoding=\"async\" width=\"768\" height=\"1024\" src=\"https:\/\/denisekreativewelt.de\/wp-content\/uploads\/2026\/01\/IMG_8571-768x1024.jpg\" alt=\"\" class=\"wp-image-309\" srcset=\"https:\/\/denisekreativewelt.de\/wp-content\/uploads\/2026\/01\/IMG_8571-768x1024.jpg 768w, https:\/\/denisekreativewelt.de\/wp-content\/uploads\/2026\/01\/IMG_8571-225x300.jpg 225w, https:\/\/denisekreativewelt.de\/wp-content\/uploads\/2026\/01\/IMG_8571-1152x1536.jpg 1152w, https:\/\/denisekreativewelt.de\/wp-content\/uploads\/2026\/01\/IMG_8571-1536x2048.jpg 1536w, https:\/\/denisekreativewelt.de\/wp-content\/uploads\/2026\/01\/IMG_8571-scaled.jpg 1920w\" sizes=\"auto, (max-width: 768px) 100vw, 768px\" \/><figcaption class=\"wp-element-caption\">Untersetzer Sublimation ab 5\u20ac<br>Lieferzeit 1-3 Arbeitstage<\/figcaption><\/figure>\n<\/div>\n\n\n\n<div class=\"wp-block-group is-layout-grid wp-container-core-group-is-layout-478b6e6b wp-block-group-is-layout-grid\">\n<figure class=\"wp-block-image size-large\"><img loading=\"lazy\" decoding=\"async\" width=\"1024\" height=\"768\" src=\"https:\/\/denisekreativewelt.de\/wp-content\/uploads\/2026\/01\/IMG_8572-1024x768.jpg\" alt=\"\" class=\"wp-image-310\" srcset=\"https:\/\/denisekreativewelt.de\/wp-content\/uploads\/2026\/01\/IMG_8572-1024x768.jpg 1024w, https:\/\/denisekreativewelt.de\/wp-content\/uploads\/2026\/01\/IMG_8572-300x225.jpg 300w, https:\/\/denisekreativewelt.de\/wp-content\/uploads\/2026\/01\/IMG_8572-768x576.jpg 768w, https:\/\/denisekreativewelt.de\/wp-content\/uploads\/2026\/01\/IMG_8572-1536x1152.jpg 1536w, https:\/\/denisekreativewelt.de\/wp-content\/uploads\/2026\/01\/IMG_8572-2048x1536.jpg 2048w\" sizes=\"auto, (max-width: 1024px) 100vw, 1024px\" \/><figcaption class=\"wp-element-caption\">Turnbeutel ab 10\u20ac<br>Lieferzeit 1-3 Arbeitstage<\/figcaption><\/figure>\n<\/div>\n","protected":false},"excerpt":{"rendered":"<p>Hier k\u00f6nnt ihr einen \u00dcberblick von meinen Standardartikeln sehen, falls aber dein Wunschartikel nicht dabei ist einfach Anfrage stellen und wir schauen was machbar ist. Alle Preise sind abh\u00e4ngig von Design, Gr\u00f6\u00dfe und Art des Aufdrucks Alle Lieferzeiten sind abh\u00e4ngig von meinem derzeitigen Lagerbestand.<\/p>\n","protected":false},"author":1,"featured_media":0,"parent":0,"menu_order":0,"comment_status":"closed","ping_status":"closed","template":"","meta":{"footnotes":""},"class_list":["post-163","page","type-page","status-publish","hentry"],"_links":{"self":[{"href":"https:\/\/denisekreativewelt.de\/index.php?rest_route=\/wp\/v2\/pages\/163","targetHints":{"allow":["GET"]}}],"collection":[{"href":"https:\/\/denisekreativewelt.de\/index.php?rest_route=\/wp\/v2\/pages"}],"about":[{"href":"https:\/\/denisekreativewelt.de\/index.php?rest_route=\/wp\/v2\/types\/page"}],"author":[{"embeddable":true,"href":"https:\/\/denisekreativewelt.de\/index.php?rest_route=\/wp\/v2\/users\/1"}],"replies":[{"embeddable":true,"href":"https:\/\/denisekreativewelt.de\/index.php?rest_route=%2Fwp%2Fv2%2Fcomments&post=163"}],"version-history":[{"count":4,"href":"https:\/\/denisekreativewelt.de\/index.php?rest_route=\/wp\/v2\/pages\/163\/revisions"}],"predecessor-version":[{"id":311,"href":"https:\/\/denisekreativewelt.de\/index.php?rest_route=\/wp\/v2\/pages\/163\/revisions\/311"}],"wp:attachment":[{"href":"https:\/\/denisekreativewelt.de\/index.php?rest_route=%2Fwp%2Fv2%2Fmedia&parent=163"}],"curies":[{"name":"wp","href":"https:\/\/api.w.org\/{rel}","templated":true}]}}